{"id":2855,"date":"2023-10-18T18:24:04","date_gmt":"2023-10-18T16:24:04","guid":{"rendered":"https:\/\/www.babuka.sk\/product\/pillow-nicholas\/"},"modified":"2024-10-29T11:54:35","modified_gmt":"2024-10-29T10:54:35","slug":"santa-cushion","status":"publish","type":"product","link":"https:\/\/www.babuka.sk\/en\/product\/santa-cushion\/","title":{"rendered":"Santa cushion"},"content":{"rendered":"<h1>Designed and manufactured with respect to the place where we live.<\/h1>\n<h3>Christmas cushions made locally from materials from local suppliers<\/h3>\n<p>We design our products with attention to detail. We sew the cushions in our workshop from high quality and soft satin made of 100% cotton. Digital printing is done for us by printers in Slovakia who use environmentally friendly and tested, long-lasting inks. We strive to use the best materials so that our hair bands will beautify your little girls for as long as possible.<\/p>\n<h3>Responsible packaging<\/h3>\n<p>We try to use as little packaging material as possible for our products. We use recyclable paper packaging, certified paper from organic sources and compostable shipping bags.<\/p>\n<h3>Shipping<\/h3>\n<p>All your orders are shipped by our verified carriers at the best possible prices. We provide free shipping for orders over 50 \u20ac within Slovakia and the Czech Republic. When ordering, you can choose home delivery and pick-up point or parcel box delivery (depending on shipping destination).<\/p>\n<p><a href=\"https:\/\/www.babuka.sk\/594-2\/\" data-padding=\"5px\">The current shipping prices and detailed information can be found here.<\/a><\/p>\n<p><span style=\"font-size: 14.4px;\">*Please note that the color of the product in the photo may vary slightly from reality. The shade displayed depends on your monitor settings.<\/span><\/p>\n","protected":false},"excerpt":{"rendered":"<h3>The adorable Santa cushion will bring the right Christmas atmosphere to any child&#8217;s room. May the little ones dream of the most beautiful Christmas miracles.<\/h3>\n<p>The cushion is made of soft cotton satin. The front side has a print of a cute Santa face. On the reverse side is an original illustration of Santa with presents, so that the cushion can decorate the room in two ways.<\/p>\n<p>Designed and made with love in Slovakia.<\/p>\n","protected":false},"featured_media":2854,"template":"","meta":[],"product_brand":[],"product_cat":[160],"product_tag":[],"class_list":{"0":"post-2855","1":"product","2":"type-product","3":"status-publish","4":"has-post-thumbnail","6":"product_cat-cushions","8":"first","9":"instock","10":"shipping-taxable","11":"purchasable","12":"product-type-simple"},"yoast_head":"<!-- This site is optimized with the Yoast SEO plugin v25.9 - https:\/\/yoast.com\/wordpress\/plugins\/seo\/ -->\n<title>Santa cushion | Babuka<\/title>\n<meta name=\"description\" content=\"The Santa cushion will conjure up the right Christmas atmosphere in every child&#039;s room. May the little ones dream the most beautiful Christmas miracles at night.\" \/>\n<meta name=\"robots\" content=\"index, follow, max-snippet:-1, max-image-preview:large, max-video-preview:-1\" \/>\n<link rel=\"canonical\" href=\"https:\/\/www.babuka.sk\/en\/product\/santa-cushion\/\" \/>\n<meta property=\"og:locale\" content=\"en_US\" \/>\n<meta property=\"og:type\" content=\"article\" \/>\n<meta property=\"og:title\" content=\"Santa cushion | Babuka\" \/>\n<meta property=\"og:description\" content=\"The Santa cushion will conjure up the right Christmas atmosphere in every child&#039;s room. May the little ones dream the most beautiful Christmas miracles at night.\" \/>\n<meta property=\"og:url\" content=\"https:\/\/www.babuka.sk\/en\/product\/santa-cushion\/\" \/>\n<meta property=\"og:site_name\" content=\"Babuka\" \/>\n<meta property=\"article:publisher\" content=\"https:\/\/www.facebook.com\/babuka.sk\" \/>\n<meta property=\"article:modified_time\" content=\"2024-10-29T10:54:35+00:00\" \/>\n<meta property=\"og:image\" content=\"https:\/\/i0.wp.com\/www.babuka.sk\/wp-content\/uploads\/2023\/10\/IMG_1491.jpeg?fit=1920%2C1920&ssl=1\" \/>\n\t<meta property=\"og:image:width\" content=\"1920\" \/>\n\t<meta property=\"og:image:height\" content=\"1920\" \/>\n\t<meta property=\"og:image:type\" content=\"image\/jpeg\" \/>\n<meta name=\"twitter:card\" content=\"summary_large_image\" \/>\n<meta name=\"twitter:label1\" content=\"Est. reading time\" \/>\n\t<meta name=\"twitter:data1\" content=\"2 minutes\" \/>\n<script type=\"application\/ld+json\" class=\"yoast-schema-graph\">{\"@context\":\"https:\/\/schema.org\",\"@graph\":[{\"@type\":\"WebPage\",\"@id\":\"https:\/\/www.babuka.sk\/en\/product\/santa-cushion\/\",\"url\":\"https:\/\/www.babuka.sk\/en\/product\/santa-cushion\/\",\"name\":\"Santa cushion | Babuka\",\"isPartOf\":{\"@id\":\"https:\/\/www.babuka.sk\/en\/#website\"},\"primaryImageOfPage\":{\"@id\":\"https:\/\/www.babuka.sk\/en\/product\/santa-cushion\/#primaryimage\"},\"image\":{\"@id\":\"https:\/\/www.babuka.sk\/en\/product\/santa-cushion\/#primaryimage\"},\"thumbnailUrl\":\"https:\/\/i0.wp.com\/www.babuka.sk\/wp-content\/uploads\/2023\/10\/IMG_1491.jpeg?fit=1920%2C1920&ssl=1\",\"datePublished\":\"2023-10-18T16:24:04+00:00\",\"dateModified\":\"2024-10-29T10:54:35+00:00\",\"description\":\"The Santa cushion will conjure up the right Christmas atmosphere in every child's room. May the little ones dream the most beautiful Christmas miracles at night.\",\"breadcrumb\":{\"@id\":\"https:\/\/www.babuka.sk\/en\/product\/santa-cushion\/#breadcrumb\"},\"inLanguage\":\"en-US\",\"potentialAction\":[{\"@type\":\"ReadAction\",\"target\":[\"https:\/\/www.babuka.sk\/en\/product\/santa-cushion\/\"]}]},{\"@type\":\"ImageObject\",\"inLanguage\":\"en-US\",\"@id\":\"https:\/\/www.babuka.sk\/en\/product\/santa-cushion\/#primaryimage\",\"url\":\"https:\/\/i0.wp.com\/www.babuka.sk\/wp-content\/uploads\/2023\/10\/IMG_1491.jpeg?fit=1920%2C1920&ssl=1\",\"contentUrl\":\"https:\/\/i0.wp.com\/www.babuka.sk\/wp-content\/uploads\/2023\/10\/IMG_1491.jpeg?fit=1920%2C1920&ssl=1\",\"width\":1920,\"height\":1920,\"caption\":\"Vank\u00fa\u0161ik Mikul\u00e1\u0161 predok\"},{\"@type\":\"BreadcrumbList\",\"@id\":\"https:\/\/www.babuka.sk\/en\/product\/santa-cushion\/#breadcrumb\",\"itemListElement\":[{\"@type\":\"ListItem\",\"position\":1,\"name\":\"Domov\",\"item\":\"https:\/\/www.babuka.sk\/en\/\"},{\"@type\":\"ListItem\",\"position\":2,\"name\":\"Collections\",\"item\":\"https:\/\/www.babuka.sk\/en\/shop\/\"},{\"@type\":\"ListItem\",\"position\":3,\"name\":\"Santa cushion\"}]},{\"@type\":\"WebSite\",\"@id\":\"https:\/\/www.babuka.sk\/en\/#website\",\"url\":\"https:\/\/www.babuka.sk\/en\/\",\"name\":\"Babuka\",\"description\":\"\",\"publisher\":{\"@id\":\"https:\/\/www.babuka.sk\/en\/#organization\"},\"potentialAction\":[{\"@type\":\"SearchAction\",\"target\":{\"@type\":\"EntryPoint\",\"urlTemplate\":\"https:\/\/www.babuka.sk\/en\/?s={search_term_string}\"},\"query-input\":{\"@type\":\"PropertyValueSpecification\",\"valueRequired\":true,\"valueName\":\"search_term_string\"}}],\"inLanguage\":\"en-US\"},{\"@type\":\"Organization\",\"@id\":\"https:\/\/www.babuka.sk\/en\/#organization\",\"name\":\"Babuka\",\"url\":\"https:\/\/www.babuka.sk\/en\/\",\"logo\":{\"@type\":\"ImageObject\",\"inLanguage\":\"en-US\",\"@id\":\"https:\/\/www.babuka.sk\/en\/#\/schema\/logo\/image\/\",\"url\":\"https:\/\/www.babuka.sk\/wp-content\/uploads\/2023\/01\/BabukaIcon.png\",\"contentUrl\":\"https:\/\/www.babuka.sk\/wp-content\/uploads\/2023\/01\/BabukaIcon.png\",\"width\":512,\"height\":512,\"caption\":\"Babuka\"},\"image\":{\"@id\":\"https:\/\/www.babuka.sk\/en\/#\/schema\/logo\/image\/\"},\"sameAs\":[\"https:\/\/www.facebook.com\/babuka.sk\",\"https:\/\/www.instagram.com\/babuka.sk\/\",\"https:\/\/www.youtube.com\/@babuka268\"]}]}<\/script>\n<!-- \/ Yoast SEO plugin. -->","yoast_head_json":{"title":"Santa cushion | Babuka","description":"The Santa cushion will conjure up the right Christmas atmosphere in every child's room. May the little ones dream the most beautiful Christmas miracles at night.","robots":{"index":"index","follow":"follow","max-snippet":"max-snippet:-1","max-image-preview":"max-image-preview:large","max-video-preview":"max-video-preview:-1"},"canonical":"https:\/\/www.babuka.sk\/en\/product\/santa-cushion\/","og_locale":"en_US","og_type":"article","og_title":"Santa cushion | Babuka","og_description":"The Santa cushion will conjure up the right Christmas atmosphere in every child's room. May the little ones dream the most beautiful Christmas miracles at night.","og_url":"https:\/\/www.babuka.sk\/en\/product\/santa-cushion\/","og_site_name":"Babuka","article_publisher":"https:\/\/www.facebook.com\/babuka.sk","article_modified_time":"2024-10-29T10:54:35+00:00","og_image":[{"width":1920,"height":1920,"url":"https:\/\/i0.wp.com\/www.babuka.sk\/wp-content\/uploads\/2023\/10\/IMG_1491.jpeg?fit=1920%2C1920&ssl=1","type":"image\/jpeg"}],"twitter_card":"summary_large_image","twitter_misc":{"Est. reading time":"2 minutes"},"schema":{"@context":"https:\/\/schema.org","@graph":[{"@type":"WebPage","@id":"https:\/\/www.babuka.sk\/en\/product\/santa-cushion\/","url":"https:\/\/www.babuka.sk\/en\/product\/santa-cushion\/","name":"Santa cushion | Babuka","isPartOf":{"@id":"https:\/\/www.babuka.sk\/en\/#website"},"primaryImageOfPage":{"@id":"https:\/\/www.babuka.sk\/en\/product\/santa-cushion\/#primaryimage"},"image":{"@id":"https:\/\/www.babuka.sk\/en\/product\/santa-cushion\/#primaryimage"},"thumbnailUrl":"https:\/\/i0.wp.com\/www.babuka.sk\/wp-content\/uploads\/2023\/10\/IMG_1491.jpeg?fit=1920%2C1920&ssl=1","datePublished":"2023-10-18T16:24:04+00:00","dateModified":"2024-10-29T10:54:35+00:00","description":"The Santa cushion will conjure up the right Christmas atmosphere in every child's room. May the little ones dream the most beautiful Christmas miracles at night.","breadcrumb":{"@id":"https:\/\/www.babuka.sk\/en\/product\/santa-cushion\/#breadcrumb"},"inLanguage":"en-US","potentialAction":[{"@type":"ReadAction","target":["https:\/\/www.babuka.sk\/en\/product\/santa-cushion\/"]}]},{"@type":"ImageObject","inLanguage":"en-US","@id":"https:\/\/www.babuka.sk\/en\/product\/santa-cushion\/#primaryimage","url":"https:\/\/i0.wp.com\/www.babuka.sk\/wp-content\/uploads\/2023\/10\/IMG_1491.jpeg?fit=1920%2C1920&ssl=1","contentUrl":"https:\/\/i0.wp.com\/www.babuka.sk\/wp-content\/uploads\/2023\/10\/IMG_1491.jpeg?fit=1920%2C1920&ssl=1","width":1920,"height":1920,"caption":"Vank\u00fa\u0161ik Mikul\u00e1\u0161 predok"},{"@type":"BreadcrumbList","@id":"https:\/\/www.babuka.sk\/en\/product\/santa-cushion\/#breadcrumb","itemListElement":[{"@type":"ListItem","position":1,"name":"Domov","item":"https:\/\/www.babuka.sk\/en\/"},{"@type":"ListItem","position":2,"name":"Collections","item":"https:\/\/www.babuka.sk\/en\/shop\/"},{"@type":"ListItem","position":3,"name":"Santa cushion"}]},{"@type":"WebSite","@id":"https:\/\/www.babuka.sk\/en\/#website","url":"https:\/\/www.babuka.sk\/en\/","name":"Babuka","description":"","publisher":{"@id":"https:\/\/www.babuka.sk\/en\/#organization"},"potentialAction":[{"@type":"SearchAction","target":{"@type":"EntryPoint","urlTemplate":"https:\/\/www.babuka.sk\/en\/?s={search_term_string}"},"query-input":{"@type":"PropertyValueSpecification","valueRequired":true,"valueName":"search_term_string"}}],"inLanguage":"en-US"},{"@type":"Organization","@id":"https:\/\/www.babuka.sk\/en\/#organization","name":"Babuka","url":"https:\/\/www.babuka.sk\/en\/","logo":{"@type":"ImageObject","inLanguage":"en-US","@id":"https:\/\/www.babuka.sk\/en\/#\/schema\/logo\/image\/","url":"https:\/\/www.babuka.sk\/wp-content\/uploads\/2023\/01\/BabukaIcon.png","contentUrl":"https:\/\/www.babuka.sk\/wp-content\/uploads\/2023\/01\/BabukaIcon.png","width":512,"height":512,"caption":"Babuka"},"image":{"@id":"https:\/\/www.babuka.sk\/en\/#\/schema\/logo\/image\/"},"sameAs":["https:\/\/www.facebook.com\/babuka.sk","https:\/\/www.instagram.com\/babuka.sk\/","https:\/\/www.youtube.com\/@babuka268"]}]}},"jetpack_sharing_enabled":true,"_links":{"self":[{"href":"https:\/\/www.babuka.sk\/en\/wp-json\/wp\/v2\/product\/2855","targetHints":{"allow":["GET"]}}],"collection":[{"href":"https:\/\/www.babuka.sk\/en\/wp-json\/wp\/v2\/product"}],"about":[{"href":"https:\/\/www.babuka.sk\/en\/wp-json\/wp\/v2\/types\/product"}],"wp:featuredmedia":[{"embeddable":true,"href":"https:\/\/www.babuka.sk\/en\/wp-json\/wp\/v2\/media\/2854"}],"wp:attachment":[{"href":"https:\/\/www.babuka.sk\/en\/wp-json\/wp\/v2\/media?parent=2855"}],"wp:term":[{"taxonomy":"product_brand","embeddable":true,"href":"https:\/\/www.babuka.sk\/en\/wp-json\/wp\/v2\/product_brand?post=2855"},{"taxonomy":"product_cat","embeddable":true,"href":"https:\/\/www.babuka.sk\/en\/wp-json\/wp\/v2\/product_cat?post=2855"},{"taxonomy":"product_tag","embeddable":true,"href":"https:\/\/www.babuka.sk\/en\/wp-json\/wp\/v2\/product_tag?post=2855"}],"curies":[{"name":"wp","href":"https:\/\/api.w.org\/{rel}","templated":true}]}}