{"id":2802,"date":"2023-10-12T14:49:08","date_gmt":"2023-10-12T12:49:08","guid":{"rendered":"https:\/\/www.babuka.sk\/product\/hair-elastic-brundy-bear\/"},"modified":"2025-02-25T00:00:28","modified_gmt":"2025-02-24T23:00:28","slug":"rubber-to-hair-bear-brundo","status":"publish","type":"product","link":"https:\/\/www.babuka.sk\/en\/product\/rubber-to-hair-bear-brundo\/","title":{"rendered":"Hair band Brundo the bear"},"content":{"rendered":"<h1>Designed and manufactured with respect to the place where we live.<\/h1>\n<h3>Girls hair band locally made from materials from local suppliers<\/h3>\n<p>We design our products with attention to detail. We sew girls&#8217; hair bands in our workshop from high quality and soft satin made of 100% cotton. Digital printing is done for us by printers in Slovakia who use environmentally friendly and tested, long-lasting inks. We strive to use the best materials so that our hair bands will beautify your little girls for as long as possible.<\/p>\n<h3>Responsible packaging<\/h3>\n<p>We try to use as little packaging material as possible for our products. We use recyclable paper packaging, certified paper from organic sources and compostable shipping bags.<\/p>\n<h3>Shipping<\/h3>\n<p>All your orders are shipped by our verified carriers at the best possible prices. We provide free shipping for orders over 50 \u20ac within Slovakia and the Czech Republic. When ordering, you can choose home delivery and pick-up point or parcel box delivery (depending on shipping destination).<\/p>\n<p><a href=\"https:\/\/www.babuka.sk\/594-2\/\" data-padding=\"5px\">The current shipping prices and detailed information can be found here.<\/a><\/p>\n<p><span style=\"font-size: 14.4px\">*Please note that the color of the product in the photo may vary slightly from reality. The shade displayed depends on your monitor settings.<\/span><\/p>\n","protected":false},"excerpt":{"rendered":"<h3>Cute hair band with a big bow decorated by an illustration of Brundo the bear for all the little girls. You can use it for different hairstyles and occasions. In a classic ponytail for kindergarten or a walk, at the end of a braid for a Sunday family gathering or in a dreadlocks for the theatre or dance. The large bow with an adorable illustration conjures up a glamorous hairstyle even from an ordinary ponytail.<\/h3>\n<p>The band is made of soft cotton satin. Inside is sewn a strong, 1 cm thick elastic to ensure that the hairstyle holds firmly. Both sides of the bow are decorated with an illustration matching our entire Forest lover collection. You can combine, for example, an hair band with a backpack to create a beautiful outfit. We count on the fact that girls like to play, so they can&#8217;t avoid some stains from time to time. In such cases, just wash the hair band in the washing machine and it can continue to decorate the head on all possible occasions.<\/p>\n<p>Designed and manufactured in the heart of Europe.<\/p>\n","protected":false},"featured_media":2797,"template":"","meta":[],"product_brand":[],"product_cat":[172],"product_tag":[],"class_list":{"0":"post-2802","1":"product","2":"type-product","3":"status-publish","4":"has-post-thumbnail","6":"product_cat-hairbands","8":"first","9":"instock","10":"shipping-taxable","11":"purchasable","12":"product-type-simple"},"yoast_head":"<!-- This site is optimized with the Yoast SEO plugin v25.9 - https:\/\/yoast.com\/wordpress\/plugins\/seo\/ -->\n<title>Hair band Brundo the bear | Babuka<\/title>\n<meta name=\"description\" content=\"Brundo the bear hair band with a big bow for all the little girls. To kindergarten and to the theatre. Designed and made with love in Slovakia.\" \/>\n<meta name=\"robots\" content=\"index, follow, max-snippet:-1, max-image-preview:large, max-video-preview:-1\" \/>\n<link rel=\"canonical\" href=\"https:\/\/www.babuka.sk\/en\/product\/rubber-to-hair-bear-brundo\/\" \/>\n<meta property=\"og:locale\" content=\"en_US\" \/>\n<meta property=\"og:type\" content=\"article\" \/>\n<meta property=\"og:title\" content=\"Hair band Brundo the bear | Babuka\" \/>\n<meta property=\"og:description\" content=\"Brundo the bear hair band with a big bow for all the little girls. To kindergarten and to the theatre. Designed and made with love in Slovakia.\" \/>\n<meta property=\"og:url\" content=\"https:\/\/www.babuka.sk\/en\/product\/rubber-to-hair-bear-brundo\/\" \/>\n<meta property=\"og:site_name\" content=\"Babuka\" \/>\n<meta property=\"article:publisher\" content=\"https:\/\/www.facebook.com\/babuka.sk\" \/>\n<meta property=\"article:modified_time\" content=\"2025-02-24T23:00:28+00:00\" \/>\n<meta property=\"og:image\" content=\"https:\/\/i0.wp.com\/www.babuka.sk\/wp-content\/uploads\/2023\/10\/IMG_6057.jpeg?fit=1920%2C1920&ssl=1\" \/>\n\t<meta property=\"og:image:width\" content=\"1920\" \/>\n\t<meta property=\"og:image:height\" content=\"1920\" \/>\n\t<meta property=\"og:image:type\" content=\"image\/jpeg\" \/>\n<meta name=\"twitter:card\" content=\"summary_large_image\" \/>\n<meta name=\"twitter:label1\" content=\"Est. reading time\" \/>\n\t<meta name=\"twitter:data1\" content=\"1 minute\" \/>\n<script type=\"application\/ld+json\" class=\"yoast-schema-graph\">{\"@context\":\"https:\/\/schema.org\",\"@graph\":[{\"@type\":\"WebPage\",\"@id\":\"https:\/\/www.babuka.sk\/en\/product\/rubber-to-hair-bear-brundo\/\",\"url\":\"https:\/\/www.babuka.sk\/en\/product\/rubber-to-hair-bear-brundo\/\",\"name\":\"Hair band Brundo the bear | Babuka\",\"isPartOf\":{\"@id\":\"https:\/\/www.babuka.sk\/en\/#website\"},\"primaryImageOfPage\":{\"@id\":\"https:\/\/www.babuka.sk\/en\/product\/rubber-to-hair-bear-brundo\/#primaryimage\"},\"image\":{\"@id\":\"https:\/\/www.babuka.sk\/en\/product\/rubber-to-hair-bear-brundo\/#primaryimage\"},\"thumbnailUrl\":\"https:\/\/i0.wp.com\/www.babuka.sk\/wp-content\/uploads\/2023\/10\/IMG_6057.jpeg?fit=1920%2C1920&ssl=1\",\"datePublished\":\"2023-10-12T12:49:08+00:00\",\"dateModified\":\"2025-02-24T23:00:28+00:00\",\"description\":\"Brundo the bear hair band with a big bow for all the little girls. To kindergarten and to the theatre. Designed and made with love in Slovakia.\",\"breadcrumb\":{\"@id\":\"https:\/\/www.babuka.sk\/en\/product\/rubber-to-hair-bear-brundo\/#breadcrumb\"},\"inLanguage\":\"en-US\",\"potentialAction\":[{\"@type\":\"ReadAction\",\"target\":[\"https:\/\/www.babuka.sk\/en\/product\/rubber-to-hair-bear-brundo\/\"]}]},{\"@type\":\"ImageObject\",\"inLanguage\":\"en-US\",\"@id\":\"https:\/\/www.babuka.sk\/en\/product\/rubber-to-hair-bear-brundo\/#primaryimage\",\"url\":\"https:\/\/i0.wp.com\/www.babuka.sk\/wp-content\/uploads\/2023\/10\/IMG_6057.jpeg?fit=1920%2C1920&ssl=1\",\"contentUrl\":\"https:\/\/i0.wp.com\/www.babuka.sk\/wp-content\/uploads\/2023\/10\/IMG_6057.jpeg?fit=1920%2C1920&ssl=1\",\"width\":1920,\"height\":1920,\"caption\":\"Gumi\u010dka medve\u010f Brun\u010fo\"},{\"@type\":\"BreadcrumbList\",\"@id\":\"https:\/\/www.babuka.sk\/en\/product\/rubber-to-hair-bear-brundo\/#breadcrumb\",\"itemListElement\":[{\"@type\":\"ListItem\",\"position\":1,\"name\":\"Domov\",\"item\":\"https:\/\/www.babuka.sk\/en\/\"},{\"@type\":\"ListItem\",\"position\":2,\"name\":\"Collections\",\"item\":\"https:\/\/www.babuka.sk\/en\/shop\/\"},{\"@type\":\"ListItem\",\"position\":3,\"name\":\"Hair band Brundo the bear\"}]},{\"@type\":\"WebSite\",\"@id\":\"https:\/\/www.babuka.sk\/en\/#website\",\"url\":\"https:\/\/www.babuka.sk\/en\/\",\"name\":\"Babuka\",\"description\":\"\",\"publisher\":{\"@id\":\"https:\/\/www.babuka.sk\/en\/#organization\"},\"potentialAction\":[{\"@type\":\"SearchAction\",\"target\":{\"@type\":\"EntryPoint\",\"urlTemplate\":\"https:\/\/www.babuka.sk\/en\/?s={search_term_string}\"},\"query-input\":{\"@type\":\"PropertyValueSpecification\",\"valueRequired\":true,\"valueName\":\"search_term_string\"}}],\"inLanguage\":\"en-US\"},{\"@type\":\"Organization\",\"@id\":\"https:\/\/www.babuka.sk\/en\/#organization\",\"name\":\"Babuka\",\"url\":\"https:\/\/www.babuka.sk\/en\/\",\"logo\":{\"@type\":\"ImageObject\",\"inLanguage\":\"en-US\",\"@id\":\"https:\/\/www.babuka.sk\/en\/#\/schema\/logo\/image\/\",\"url\":\"https:\/\/www.babuka.sk\/wp-content\/uploads\/2023\/01\/BabukaIcon.png\",\"contentUrl\":\"https:\/\/www.babuka.sk\/wp-content\/uploads\/2023\/01\/BabukaIcon.png\",\"width\":512,\"height\":512,\"caption\":\"Babuka\"},\"image\":{\"@id\":\"https:\/\/www.babuka.sk\/en\/#\/schema\/logo\/image\/\"},\"sameAs\":[\"https:\/\/www.facebook.com\/babuka.sk\",\"https:\/\/www.instagram.com\/babuka.sk\/\",\"https:\/\/www.youtube.com\/@babuka268\"]}]}<\/script>\n<!-- \/ Yoast SEO plugin. -->","yoast_head_json":{"title":"Hair band Brundo the bear | Babuka","description":"Brundo the bear hair band with a big bow for all the little girls. To kindergarten and to the theatre. Designed and made with love in Slovakia.","robots":{"index":"index","follow":"follow","max-snippet":"max-snippet:-1","max-image-preview":"max-image-preview:large","max-video-preview":"max-video-preview:-1"},"canonical":"https:\/\/www.babuka.sk\/en\/product\/rubber-to-hair-bear-brundo\/","og_locale":"en_US","og_type":"article","og_title":"Hair band Brundo the bear | Babuka","og_description":"Brundo the bear hair band with a big bow for all the little girls. To kindergarten and to the theatre. Designed and made with love in Slovakia.","og_url":"https:\/\/www.babuka.sk\/en\/product\/rubber-to-hair-bear-brundo\/","og_site_name":"Babuka","article_publisher":"https:\/\/www.facebook.com\/babuka.sk","article_modified_time":"2025-02-24T23:00:28+00:00","og_image":[{"width":1920,"height":1920,"url":"https:\/\/i0.wp.com\/www.babuka.sk\/wp-content\/uploads\/2023\/10\/IMG_6057.jpeg?fit=1920%2C1920&ssl=1","type":"image\/jpeg"}],"twitter_card":"summary_large_image","twitter_misc":{"Est. reading time":"1 minute"},"schema":{"@context":"https:\/\/schema.org","@graph":[{"@type":"WebPage","@id":"https:\/\/www.babuka.sk\/en\/product\/rubber-to-hair-bear-brundo\/","url":"https:\/\/www.babuka.sk\/en\/product\/rubber-to-hair-bear-brundo\/","name":"Hair band Brundo the bear | Babuka","isPartOf":{"@id":"https:\/\/www.babuka.sk\/en\/#website"},"primaryImageOfPage":{"@id":"https:\/\/www.babuka.sk\/en\/product\/rubber-to-hair-bear-brundo\/#primaryimage"},"image":{"@id":"https:\/\/www.babuka.sk\/en\/product\/rubber-to-hair-bear-brundo\/#primaryimage"},"thumbnailUrl":"https:\/\/i0.wp.com\/www.babuka.sk\/wp-content\/uploads\/2023\/10\/IMG_6057.jpeg?fit=1920%2C1920&ssl=1","datePublished":"2023-10-12T12:49:08+00:00","dateModified":"2025-02-24T23:00:28+00:00","description":"Brundo the bear hair band with a big bow for all the little girls. To kindergarten and to the theatre. Designed and made with love in Slovakia.","breadcrumb":{"@id":"https:\/\/www.babuka.sk\/en\/product\/rubber-to-hair-bear-brundo\/#breadcrumb"},"inLanguage":"en-US","potentialAction":[{"@type":"ReadAction","target":["https:\/\/www.babuka.sk\/en\/product\/rubber-to-hair-bear-brundo\/"]}]},{"@type":"ImageObject","inLanguage":"en-US","@id":"https:\/\/www.babuka.sk\/en\/product\/rubber-to-hair-bear-brundo\/#primaryimage","url":"https:\/\/i0.wp.com\/www.babuka.sk\/wp-content\/uploads\/2023\/10\/IMG_6057.jpeg?fit=1920%2C1920&ssl=1","contentUrl":"https:\/\/i0.wp.com\/www.babuka.sk\/wp-content\/uploads\/2023\/10\/IMG_6057.jpeg?fit=1920%2C1920&ssl=1","width":1920,"height":1920,"caption":"Gumi\u010dka medve\u010f Brun\u010fo"},{"@type":"BreadcrumbList","@id":"https:\/\/www.babuka.sk\/en\/product\/rubber-to-hair-bear-brundo\/#breadcrumb","itemListElement":[{"@type":"ListItem","position":1,"name":"Domov","item":"https:\/\/www.babuka.sk\/en\/"},{"@type":"ListItem","position":2,"name":"Collections","item":"https:\/\/www.babuka.sk\/en\/shop\/"},{"@type":"ListItem","position":3,"name":"Hair band Brundo the bear"}]},{"@type":"WebSite","@id":"https:\/\/www.babuka.sk\/en\/#website","url":"https:\/\/www.babuka.sk\/en\/","name":"Babuka","description":"","publisher":{"@id":"https:\/\/www.babuka.sk\/en\/#organization"},"potentialAction":[{"@type":"SearchAction","target":{"@type":"EntryPoint","urlTemplate":"https:\/\/www.babuka.sk\/en\/?s={search_term_string}"},"query-input":{"@type":"PropertyValueSpecification","valueRequired":true,"valueName":"search_term_string"}}],"inLanguage":"en-US"},{"@type":"Organization","@id":"https:\/\/www.babuka.sk\/en\/#organization","name":"Babuka","url":"https:\/\/www.babuka.sk\/en\/","logo":{"@type":"ImageObject","inLanguage":"en-US","@id":"https:\/\/www.babuka.sk\/en\/#\/schema\/logo\/image\/","url":"https:\/\/www.babuka.sk\/wp-content\/uploads\/2023\/01\/BabukaIcon.png","contentUrl":"https:\/\/www.babuka.sk\/wp-content\/uploads\/2023\/01\/BabukaIcon.png","width":512,"height":512,"caption":"Babuka"},"image":{"@id":"https:\/\/www.babuka.sk\/en\/#\/schema\/logo\/image\/"},"sameAs":["https:\/\/www.facebook.com\/babuka.sk","https:\/\/www.instagram.com\/babuka.sk\/","https:\/\/www.youtube.com\/@babuka268"]}]}},"jetpack_sharing_enabled":true,"_links":{"self":[{"href":"https:\/\/www.babuka.sk\/en\/wp-json\/wp\/v2\/product\/2802","targetHints":{"allow":["GET"]}}],"collection":[{"href":"https:\/\/www.babuka.sk\/en\/wp-json\/wp\/v2\/product"}],"about":[{"href":"https:\/\/www.babuka.sk\/en\/wp-json\/wp\/v2\/types\/product"}],"wp:featuredmedia":[{"embeddable":true,"href":"https:\/\/www.babuka.sk\/en\/wp-json\/wp\/v2\/media\/2797"}],"wp:attachment":[{"href":"https:\/\/www.babuka.sk\/en\/wp-json\/wp\/v2\/media?parent=2802"}],"wp:term":[{"taxonomy":"product_brand","embeddable":true,"href":"https:\/\/www.babuka.sk\/en\/wp-json\/wp\/v2\/product_brand?post=2802"},{"taxonomy":"product_cat","embeddable":true,"href":"https:\/\/www.babuka.sk\/en\/wp-json\/wp\/v2\/product_cat?post=2802"},{"taxonomy":"product_tag","embeddable":true,"href":"https:\/\/www.babuka.sk\/en\/wp-json\/wp\/v2\/product_tag?post=2802"}],"curies":[{"name":"wp","href":"https:\/\/api.w.org\/{rel}","templated":true}]}}