{"id":2322,"date":"2023-06-05T19:55:57","date_gmt":"2023-06-05T17:55:57","guid":{"rendered":"https:\/\/www.babuka.sk\/product\/waterproof-apron-bear-brundo\/"},"modified":"2023-06-22T12:43:03","modified_gmt":"2023-06-22T10:43:03","slug":"waterproof-honey-bear-brundo","status":"publish","type":"product","link":"https:\/\/www.babuka.sk\/en\/product\/waterproof-honey-bear-brundo\/","title":{"rendered":"Waterproof apron bear Brun\u010fo"},"content":{"rendered":"<h1 class=\"p1\"><span class=\"s1\">Designed and manufactured with respect to the place where we live.<\/span><\/h1>\n<h3 class=\"p2\"><span class=\"s2\">Children&#8217;s apron made locally from materials from local suppliers<\/span><\/h3>\n<p class=\"p3\"><span class=\"s3\">We design our products with attention to detail. Children&#8217;s apron bear Brun\u010fo is sewn in our workshop from high quality and waterproof polyester. Digital printing is done for us by printers in Slovakia who use environmentally friendly and tested, long-lasting inks. The lining is made of soft, cotton terry made in the Czech Republic. We strive to use the best materials to enjoy your soft friends for as long as possible.<\/span><\/p>\n<h3 class=\"p2\"><span class=\"s2\">Responsible packaging<\/span><\/h3>\n<p class=\"p3\"><span class=\"s3\">We try to use as little packaging material as possible for our products. We use recyclable paper packaging, certified paper from organic sources and compostable shipping bags.<\/span><\/p>\n<h3 class=\"p2\"><span class=\"s2\">Shipping<\/span><\/h3>\n<p class=\"p3\"><span class=\"s3\">All your orders are shipped by our verified carriers at the best possible prices. We provide free shipping for orders over 50 \u20ac within Slovakia and the Czech Republic. When ordering, you can choose home delivery and pick-up point or parcel box delivery (depending on shipping destination).<\/span><\/p>\n<p class=\"p3\"><span class=\"s3\"><a href=\"https:\/\/www.babuka.sk\/594-2\/\">The current shipping prices and detailed information can be found here.<\/a><\/span><\/p>\n<p class=\"p3\"><span class=\"s3\">*Please note that the color of the product in the photo may vary slightly from reality. The shade displayed depends on your monitor settings.<\/span><\/p>\n","protected":false},"excerpt":{"rendered":"<h3>Let your children discover and learn. The cute, Brundo the Bear apron with little ears, will protect clothes during the most creative and art activieties, culinary experiments or gardening. Small big accidents will no longer be disasters, but new experiences. Just wipe the waterproof material with a damp cloth and you can continue playing. The soft cotton terry lining won&#8217;t scratch or restrict children anywhere, and the handy pockets allow you to keep all the essentials close at <span style=\"font-size: 20.16px;\">hand<\/span><span style=\"font-size: 20.16px;\">e. Thanks to the cotton ribbon ties at the neck and waist, you can easily adjust the size of the little helper.<\/span><\/h3>\n<p>When the apron gets dirty, simply wash it in the washing machine and it will be ready for the next fun time.<\/p>\n<p>The size of the apron is suitable from approximately 3 years of age.<\/p>\n<p>Designed and manufactured with \u2665 in Slovakia.<\/p>\n","protected":false},"featured_media":2300,"template":"","meta":[],"product_brand":[],"product_cat":[159],"product_tag":[],"class_list":{"0":"post-2322","1":"product","2":"type-product","3":"status-publish","4":"has-post-thumbnail","6":"product_cat-new-in","8":"first","9":"outofstock","10":"shipping-taxable","11":"purchasable","12":"product-type-simple"},"yoast_head":"<!-- This site is optimized with the Yoast SEO plugin v25.9 - https:\/\/yoast.com\/wordpress\/plugins\/seo\/ -->\n<title>Waterproof apron bear Brun\u010fo | Babuka<\/title>\n<meta name=\"description\" content=\"The children&#039;s apron Brundy Bear will protect the clothes of little helpers in cooking, artists in creative creation or budding gardeners.\" \/>\n<meta name=\"robots\" content=\"index, follow, max-snippet:-1, max-image-preview:large, max-video-preview:-1\" \/>\n<link rel=\"canonical\" href=\"https:\/\/www.babuka.sk\/en\/product\/waterproof-honey-bear-brundo\/\" \/>\n<meta property=\"og:locale\" content=\"en_US\" \/>\n<meta property=\"og:type\" content=\"article\" \/>\n<meta property=\"og:title\" content=\"Waterproof apron bear Brun\u010fo | Babuka\" \/>\n<meta property=\"og:description\" content=\"The children&#039;s apron Brundy Bear will protect the clothes of little helpers in cooking, artists in creative creation or budding gardeners.\" \/>\n<meta property=\"og:url\" content=\"https:\/\/www.babuka.sk\/en\/product\/waterproof-honey-bear-brundo\/\" \/>\n<meta property=\"og:site_name\" content=\"Babuka\" \/>\n<meta property=\"article:publisher\" content=\"https:\/\/www.facebook.com\/babuka.sk\" \/>\n<meta property=\"article:modified_time\" content=\"2023-06-22T10:43:03+00:00\" \/>\n<meta property=\"og:image\" content=\"https:\/\/i0.wp.com\/www.babuka.sk\/wp-content\/uploads\/2023\/06\/IMG_4180.jpeg?fit=1440%2C1920&ssl=1\" \/>\n\t<meta property=\"og:image:width\" content=\"1440\" \/>\n\t<meta property=\"og:image:height\" content=\"1920\" \/>\n\t<meta property=\"og:image:type\" content=\"image\/jpeg\" \/>\n<meta name=\"twitter:card\" content=\"summary_large_image\" \/>\n<meta name=\"twitter:label1\" content=\"Est. reading time\" \/>\n\t<meta name=\"twitter:data1\" content=\"2 minutes\" \/>\n<script type=\"application\/ld+json\" class=\"yoast-schema-graph\">{\"@context\":\"https:\/\/schema.org\",\"@graph\":[{\"@type\":\"WebPage\",\"@id\":\"https:\/\/www.babuka.sk\/en\/product\/waterproof-honey-bear-brundo\/\",\"url\":\"https:\/\/www.babuka.sk\/en\/product\/waterproof-honey-bear-brundo\/\",\"name\":\"Waterproof apron bear Brun\u010fo | Babuka\",\"isPartOf\":{\"@id\":\"https:\/\/www.babuka.sk\/en\/#website\"},\"primaryImageOfPage\":{\"@id\":\"https:\/\/www.babuka.sk\/en\/product\/waterproof-honey-bear-brundo\/#primaryimage\"},\"image\":{\"@id\":\"https:\/\/www.babuka.sk\/en\/product\/waterproof-honey-bear-brundo\/#primaryimage\"},\"thumbnailUrl\":\"https:\/\/i0.wp.com\/www.babuka.sk\/wp-content\/uploads\/2023\/06\/IMG_4180.jpeg?fit=1440%2C1920&ssl=1\",\"datePublished\":\"2023-06-05T17:55:57+00:00\",\"dateModified\":\"2023-06-22T10:43:03+00:00\",\"description\":\"The children's apron Brundy Bear will protect the clothes of little helpers in cooking, artists in creative creation or budding gardeners.\",\"breadcrumb\":{\"@id\":\"https:\/\/www.babuka.sk\/en\/product\/waterproof-honey-bear-brundo\/#breadcrumb\"},\"inLanguage\":\"en-US\",\"potentialAction\":[{\"@type\":\"ReadAction\",\"target\":[\"https:\/\/www.babuka.sk\/en\/product\/waterproof-honey-bear-brundo\/\"]}]},{\"@type\":\"ImageObject\",\"inLanguage\":\"en-US\",\"@id\":\"https:\/\/www.babuka.sk\/en\/product\/waterproof-honey-bear-brundo\/#primaryimage\",\"url\":\"https:\/\/i0.wp.com\/www.babuka.sk\/wp-content\/uploads\/2023\/06\/IMG_4180.jpeg?fit=1440%2C1920&ssl=1\",\"contentUrl\":\"https:\/\/i0.wp.com\/www.babuka.sk\/wp-content\/uploads\/2023\/06\/IMG_4180.jpeg?fit=1440%2C1920&ssl=1\",\"width\":1440,\"height\":1920,\"caption\":\"Nepremokav\u00e1 z\u00e1stera medve\u010f Brun\u010fo\"},{\"@type\":\"BreadcrumbList\",\"@id\":\"https:\/\/www.babuka.sk\/en\/product\/waterproof-honey-bear-brundo\/#breadcrumb\",\"itemListElement\":[{\"@type\":\"ListItem\",\"position\":1,\"name\":\"Domov\",\"item\":\"https:\/\/www.babuka.sk\/en\/\"},{\"@type\":\"ListItem\",\"position\":2,\"name\":\"Collections\",\"item\":\"https:\/\/www.babuka.sk\/en\/shop\/\"},{\"@type\":\"ListItem\",\"position\":3,\"name\":\"Waterproof apron bear Brun\u010fo\"}]},{\"@type\":\"WebSite\",\"@id\":\"https:\/\/www.babuka.sk\/en\/#website\",\"url\":\"https:\/\/www.babuka.sk\/en\/\",\"name\":\"Babuka\",\"description\":\"\",\"publisher\":{\"@id\":\"https:\/\/www.babuka.sk\/en\/#organization\"},\"potentialAction\":[{\"@type\":\"SearchAction\",\"target\":{\"@type\":\"EntryPoint\",\"urlTemplate\":\"https:\/\/www.babuka.sk\/en\/?s={search_term_string}\"},\"query-input\":{\"@type\":\"PropertyValueSpecification\",\"valueRequired\":true,\"valueName\":\"search_term_string\"}}],\"inLanguage\":\"en-US\"},{\"@type\":\"Organization\",\"@id\":\"https:\/\/www.babuka.sk\/en\/#organization\",\"name\":\"Babuka\",\"url\":\"https:\/\/www.babuka.sk\/en\/\",\"logo\":{\"@type\":\"ImageObject\",\"inLanguage\":\"en-US\",\"@id\":\"https:\/\/www.babuka.sk\/en\/#\/schema\/logo\/image\/\",\"url\":\"https:\/\/www.babuka.sk\/wp-content\/uploads\/2023\/01\/BabukaIcon.png\",\"contentUrl\":\"https:\/\/www.babuka.sk\/wp-content\/uploads\/2023\/01\/BabukaIcon.png\",\"width\":512,\"height\":512,\"caption\":\"Babuka\"},\"image\":{\"@id\":\"https:\/\/www.babuka.sk\/en\/#\/schema\/logo\/image\/\"},\"sameAs\":[\"https:\/\/www.facebook.com\/babuka.sk\",\"https:\/\/www.instagram.com\/babuka.sk\/\",\"https:\/\/www.youtube.com\/@babuka268\"]}]}<\/script>\n<!-- \/ Yoast SEO plugin. -->","yoast_head_json":{"title":"Waterproof apron bear Brun\u010fo | Babuka","description":"The children's apron Brundy Bear will protect the clothes of little helpers in cooking, artists in creative creation or budding gardeners.","robots":{"index":"index","follow":"follow","max-snippet":"max-snippet:-1","max-image-preview":"max-image-preview:large","max-video-preview":"max-video-preview:-1"},"canonical":"https:\/\/www.babuka.sk\/en\/product\/waterproof-honey-bear-brundo\/","og_locale":"en_US","og_type":"article","og_title":"Waterproof apron bear Brun\u010fo | Babuka","og_description":"The children's apron Brundy Bear will protect the clothes of little helpers in cooking, artists in creative creation or budding gardeners.","og_url":"https:\/\/www.babuka.sk\/en\/product\/waterproof-honey-bear-brundo\/","og_site_name":"Babuka","article_publisher":"https:\/\/www.facebook.com\/babuka.sk","article_modified_time":"2023-06-22T10:43:03+00:00","og_image":[{"width":1440,"height":1920,"url":"https:\/\/i0.wp.com\/www.babuka.sk\/wp-content\/uploads\/2023\/06\/IMG_4180.jpeg?fit=1440%2C1920&ssl=1","type":"image\/jpeg"}],"twitter_card":"summary_large_image","twitter_misc":{"Est. reading time":"2 minutes"},"schema":{"@context":"https:\/\/schema.org","@graph":[{"@type":"WebPage","@id":"https:\/\/www.babuka.sk\/en\/product\/waterproof-honey-bear-brundo\/","url":"https:\/\/www.babuka.sk\/en\/product\/waterproof-honey-bear-brundo\/","name":"Waterproof apron bear Brun\u010fo | Babuka","isPartOf":{"@id":"https:\/\/www.babuka.sk\/en\/#website"},"primaryImageOfPage":{"@id":"https:\/\/www.babuka.sk\/en\/product\/waterproof-honey-bear-brundo\/#primaryimage"},"image":{"@id":"https:\/\/www.babuka.sk\/en\/product\/waterproof-honey-bear-brundo\/#primaryimage"},"thumbnailUrl":"https:\/\/i0.wp.com\/www.babuka.sk\/wp-content\/uploads\/2023\/06\/IMG_4180.jpeg?fit=1440%2C1920&ssl=1","datePublished":"2023-06-05T17:55:57+00:00","dateModified":"2023-06-22T10:43:03+00:00","description":"The children's apron Brundy Bear will protect the clothes of little helpers in cooking, artists in creative creation or budding gardeners.","breadcrumb":{"@id":"https:\/\/www.babuka.sk\/en\/product\/waterproof-honey-bear-brundo\/#breadcrumb"},"inLanguage":"en-US","potentialAction":[{"@type":"ReadAction","target":["https:\/\/www.babuka.sk\/en\/product\/waterproof-honey-bear-brundo\/"]}]},{"@type":"ImageObject","inLanguage":"en-US","@id":"https:\/\/www.babuka.sk\/en\/product\/waterproof-honey-bear-brundo\/#primaryimage","url":"https:\/\/i0.wp.com\/www.babuka.sk\/wp-content\/uploads\/2023\/06\/IMG_4180.jpeg?fit=1440%2C1920&ssl=1","contentUrl":"https:\/\/i0.wp.com\/www.babuka.sk\/wp-content\/uploads\/2023\/06\/IMG_4180.jpeg?fit=1440%2C1920&ssl=1","width":1440,"height":1920,"caption":"Nepremokav\u00e1 z\u00e1stera medve\u010f Brun\u010fo"},{"@type":"BreadcrumbList","@id":"https:\/\/www.babuka.sk\/en\/product\/waterproof-honey-bear-brundo\/#breadcrumb","itemListElement":[{"@type":"ListItem","position":1,"name":"Domov","item":"https:\/\/www.babuka.sk\/en\/"},{"@type":"ListItem","position":2,"name":"Collections","item":"https:\/\/www.babuka.sk\/en\/shop\/"},{"@type":"ListItem","position":3,"name":"Waterproof apron bear Brun\u010fo"}]},{"@type":"WebSite","@id":"https:\/\/www.babuka.sk\/en\/#website","url":"https:\/\/www.babuka.sk\/en\/","name":"Babuka","description":"","publisher":{"@id":"https:\/\/www.babuka.sk\/en\/#organization"},"potentialAction":[{"@type":"SearchAction","target":{"@type":"EntryPoint","urlTemplate":"https:\/\/www.babuka.sk\/en\/?s={search_term_string}"},"query-input":{"@type":"PropertyValueSpecification","valueRequired":true,"valueName":"search_term_string"}}],"inLanguage":"en-US"},{"@type":"Organization","@id":"https:\/\/www.babuka.sk\/en\/#organization","name":"Babuka","url":"https:\/\/www.babuka.sk\/en\/","logo":{"@type":"ImageObject","inLanguage":"en-US","@id":"https:\/\/www.babuka.sk\/en\/#\/schema\/logo\/image\/","url":"https:\/\/www.babuka.sk\/wp-content\/uploads\/2023\/01\/BabukaIcon.png","contentUrl":"https:\/\/www.babuka.sk\/wp-content\/uploads\/2023\/01\/BabukaIcon.png","width":512,"height":512,"caption":"Babuka"},"image":{"@id":"https:\/\/www.babuka.sk\/en\/#\/schema\/logo\/image\/"},"sameAs":["https:\/\/www.facebook.com\/babuka.sk","https:\/\/www.instagram.com\/babuka.sk\/","https:\/\/www.youtube.com\/@babuka268"]}]}},"jetpack_sharing_enabled":true,"_links":{"self":[{"href":"https:\/\/www.babuka.sk\/en\/wp-json\/wp\/v2\/product\/2322","targetHints":{"allow":["GET"]}}],"collection":[{"href":"https:\/\/www.babuka.sk\/en\/wp-json\/wp\/v2\/product"}],"about":[{"href":"https:\/\/www.babuka.sk\/en\/wp-json\/wp\/v2\/types\/product"}],"wp:featuredmedia":[{"embeddable":true,"href":"https:\/\/www.babuka.sk\/en\/wp-json\/wp\/v2\/media\/2300"}],"wp:attachment":[{"href":"https:\/\/www.babuka.sk\/en\/wp-json\/wp\/v2\/media?parent=2322"}],"wp:term":[{"taxonomy":"product_brand","embeddable":true,"href":"https:\/\/www.babuka.sk\/en\/wp-json\/wp\/v2\/product_brand?post=2322"},{"taxonomy":"product_cat","embeddable":true,"href":"https:\/\/www.babuka.sk\/en\/wp-json\/wp\/v2\/product_cat?post=2322"},{"taxonomy":"product_tag","embeddable":true,"href":"https:\/\/www.babuka.sk\/en\/wp-json\/wp\/v2\/product_tag?post=2322"}],"curies":[{"name":"wp","href":"https:\/\/api.w.org\/{rel}","templated":true}]}}