{"id":2004,"date":"2022-09-28T20:24:23","date_gmt":"2022-09-28T18:24:23","guid":{"rendered":"https:\/\/www.babuka.sk\/product\/cushion-filip-the-cat\/"},"modified":"2024-12-05T13:51:21","modified_gmt":"2024-12-05T12:51:21","slug":"pillow-for-deti-kocur-filip","status":"publish","type":"product","link":"https:\/\/www.babuka.sk\/en\/product\/pillow-for-deti-kocur-filip\/","title":{"rendered":"FILIP THE CAT CUSHION"},"content":{"rendered":"<h1>Designed and manufactured with respect to the place where we live.<\/h1>\n<h3>Pillow for children made locally from materials from local suppliers<\/h3>\n<p>We design our products with attention to detail. We sew the cushion for children of Filip the cat in our workshop from high quality and super soft satin made of 100% cotton. Digital printing is done for us by printers in Slovakia who use environmentally friendly and tested, long-lasting inks. We strive to use the best materials to enjoy your soft friends for as long as possible.<\/p>\n<h3>Responsible packaging<\/h3>\n<p>We try to use as little packaging material as possible for our products. We use recyclable paper packaging, certified paper from organic sources and compostable shipping bags.<\/p>\n<h3>Shipping<\/h3>\n<p>All your orders are shipped by our verified carriers at the best possible prices. We provide free shipping for orders over 50 \u20ac within Slovakia and the Czech Republic. When ordering, you can choose home delivery and pick-up point or parcel box delivery (depending on shipping destination).<\/p>\n<p><a href=\"https:\/\/www.babuka.sk\/594-2\/\" data-padding=\"5px\">The current shipping prices and detailed information can be found here.<\/a><\/p>\n<p>*Please note that the color of the product in the photo may vary slightly from reality. The shade displayed depends on your monitor settings.<\/p>\n","protected":false},"excerpt":{"rendered":"<h3>The pillow for children from the Little Universe collection is sure to chase away all the night terrors, whether at home or on the go. And it can make children feel at home during your afternoon nap in the nursery. With a cuddly friend, children will dream the most beautiful dreams wherever they are.<\/h3>\n<p>The cushion has one side printed with the animal&#8217;s face and the other side with a cute illustration, so it can decorate a child&#8217;s room in two ways. The pillow doesn&#8217;t even mind some of the dirtiness. Just wash it in the washing machine and you can continue dreaming together.<\/p>\n<p>Designed and manufactured in the heart of Europe.<\/p>\n","protected":false},"featured_media":3814,"template":"","meta":[],"product_brand":[],"product_cat":[160],"product_tag":[],"class_list":{"0":"post-2004","1":"product","2":"type-product","3":"status-publish","4":"has-post-thumbnail","6":"product_cat-cushions","8":"first","9":"instock","10":"shipping-taxable","11":"purchasable","12":"product-type-simple"},"yoast_head":"<!-- This site is optimized with the Yoast SEO plugin v25.9 - https:\/\/yoast.com\/wordpress\/plugins\/seo\/ -->\n<title>Cushion for children Filip the cat | Babuka%<\/title>\n<meta name=\"description\" content=\"Cushion for children with ears from the Little Universe collection for more beautiful dreams. At home, or on the way. Designed and manufactured in the heart of Europe.\" \/>\n<meta name=\"robots\" content=\"index, follow, max-snippet:-1, max-image-preview:large, max-video-preview:-1\" \/>\n<link rel=\"canonical\" href=\"https:\/\/www.babuka.sk\/en\/product\/pillow-for-deti-kocur-filip\/\" \/>\n<meta property=\"og:locale\" content=\"en_US\" \/>\n<meta property=\"og:type\" content=\"article\" \/>\n<meta property=\"og:title\" content=\"FILIP THE CAT CUSHION | Babuka\" \/>\n<meta property=\"og:description\" content=\"The children&#039;s cushion with ears from the Little Universe collection, Filip the cat, will chase away all the little night monsters and bring the most beautiful dreams. At Babuka, we pay attention to every detail in the design of our products and produce them with respect for the place where we live.\" \/>\n<meta property=\"og:url\" content=\"https:\/\/www.babuka.sk\/en\/product\/pillow-for-deti-kocur-filip\/\" \/>\n<meta property=\"og:site_name\" content=\"Babuka\" \/>\n<meta property=\"article:publisher\" content=\"https:\/\/www.facebook.com\/babuka.sk\" \/>\n<meta property=\"article:modified_time\" content=\"2024-12-05T12:51:21+00:00\" \/>\n<meta property=\"og:image\" content=\"https:\/\/www.babuka.sk\/wp-content\/uploads\/2022\/10\/EB7EB56D-F76F-4090-87EC-F2BFD39FD4F9-600x600.jpeg\" \/>\n<meta name=\"twitter:card\" content=\"summary_large_image\" \/>\n<meta name=\"twitter:label1\" content=\"Est. reading time\" \/>\n\t<meta name=\"twitter:data1\" content=\"1 minute\" \/>\n<script type=\"application\/ld+json\" class=\"yoast-schema-graph\">{\"@context\":\"https:\/\/schema.org\",\"@graph\":[{\"@type\":\"WebPage\",\"@id\":\"https:\/\/www.babuka.sk\/en\/product\/pillow-for-deti-kocur-filip\/\",\"url\":\"https:\/\/www.babuka.sk\/en\/product\/pillow-for-deti-kocur-filip\/\",\"name\":\"Cushion for children Filip the cat | Babuka%\",\"isPartOf\":{\"@id\":\"https:\/\/www.babuka.sk\/en\/#website\"},\"primaryImageOfPage\":{\"@id\":\"https:\/\/www.babuka.sk\/en\/product\/pillow-for-deti-kocur-filip\/#primaryimage\"},\"image\":{\"@id\":\"https:\/\/www.babuka.sk\/en\/product\/pillow-for-deti-kocur-filip\/#primaryimage\"},\"thumbnailUrl\":\"https:\/\/i0.wp.com\/www.babuka.sk\/wp-content\/uploads\/2022\/09\/vankus_kocur_predok.jpg?fit=1920%2C1920&ssl=1\",\"datePublished\":\"2022-09-28T18:24:23+00:00\",\"dateModified\":\"2024-12-05T12:51:21+00:00\",\"description\":\"Cushion for children with ears from the Little Universe collection for more beautiful dreams. At home, or on the way. Designed and manufactured in the heart of Europe.\",\"breadcrumb\":{\"@id\":\"https:\/\/www.babuka.sk\/en\/product\/pillow-for-deti-kocur-filip\/#breadcrumb\"},\"inLanguage\":\"en-US\",\"potentialAction\":[{\"@type\":\"ReadAction\",\"target\":[\"https:\/\/www.babuka.sk\/en\/product\/pillow-for-deti-kocur-filip\/\"]}]},{\"@type\":\"ImageObject\",\"inLanguage\":\"en-US\",\"@id\":\"https:\/\/www.babuka.sk\/en\/product\/pillow-for-deti-kocur-filip\/#primaryimage\",\"url\":\"https:\/\/i0.wp.com\/www.babuka.sk\/wp-content\/uploads\/2022\/09\/vankus_kocur_predok.jpg?fit=1920%2C1920&ssl=1\",\"contentUrl\":\"https:\/\/i0.wp.com\/www.babuka.sk\/wp-content\/uploads\/2022\/09\/vankus_kocur_predok.jpg?fit=1920%2C1920&ssl=1\",\"width\":1920,\"height\":1920,\"caption\":\"vank\u00fa\u0161 koc\u00far filip predok\"},{\"@type\":\"BreadcrumbList\",\"@id\":\"https:\/\/www.babuka.sk\/en\/product\/pillow-for-deti-kocur-filip\/#breadcrumb\",\"itemListElement\":[{\"@type\":\"ListItem\",\"position\":1,\"name\":\"Domov\",\"item\":\"https:\/\/www.babuka.sk\/en\/\"},{\"@type\":\"ListItem\",\"position\":2,\"name\":\"Collections\",\"item\":\"https:\/\/www.babuka.sk\/en\/shop\/\"},{\"@type\":\"ListItem\",\"position\":3,\"name\":\"FILIP THE CAT CUSHION\"}]},{\"@type\":\"WebSite\",\"@id\":\"https:\/\/www.babuka.sk\/en\/#website\",\"url\":\"https:\/\/www.babuka.sk\/en\/\",\"name\":\"Babuka\",\"description\":\"\",\"publisher\":{\"@id\":\"https:\/\/www.babuka.sk\/en\/#organization\"},\"potentialAction\":[{\"@type\":\"SearchAction\",\"target\":{\"@type\":\"EntryPoint\",\"urlTemplate\":\"https:\/\/www.babuka.sk\/en\/?s={search_term_string}\"},\"query-input\":{\"@type\":\"PropertyValueSpecification\",\"valueRequired\":true,\"valueName\":\"search_term_string\"}}],\"inLanguage\":\"en-US\"},{\"@type\":\"Organization\",\"@id\":\"https:\/\/www.babuka.sk\/en\/#organization\",\"name\":\"Babuka\",\"url\":\"https:\/\/www.babuka.sk\/en\/\",\"logo\":{\"@type\":\"ImageObject\",\"inLanguage\":\"en-US\",\"@id\":\"https:\/\/www.babuka.sk\/en\/#\/schema\/logo\/image\/\",\"url\":\"https:\/\/www.babuka.sk\/wp-content\/uploads\/2023\/01\/BabukaIcon.png\",\"contentUrl\":\"https:\/\/www.babuka.sk\/wp-content\/uploads\/2023\/01\/BabukaIcon.png\",\"width\":512,\"height\":512,\"caption\":\"Babuka\"},\"image\":{\"@id\":\"https:\/\/www.babuka.sk\/en\/#\/schema\/logo\/image\/\"},\"sameAs\":[\"https:\/\/www.facebook.com\/babuka.sk\",\"https:\/\/www.instagram.com\/babuka.sk\/\",\"https:\/\/www.youtube.com\/@babuka268\"]}]}<\/script>\n<!-- \/ Yoast SEO plugin. -->","yoast_head_json":{"title":"Cushion for children Filip the cat | Babuka%","description":"Cushion for children with ears from the Little Universe collection for more beautiful dreams. At home, or on the way. Designed and manufactured in the heart of Europe.","robots":{"index":"index","follow":"follow","max-snippet":"max-snippet:-1","max-image-preview":"max-image-preview:large","max-video-preview":"max-video-preview:-1"},"canonical":"https:\/\/www.babuka.sk\/en\/product\/pillow-for-deti-kocur-filip\/","og_locale":"en_US","og_type":"article","og_title":"FILIP THE CAT CUSHION | Babuka","og_description":"The children's cushion with ears from the Little Universe collection, Filip the cat, will chase away all the little night monsters and bring the most beautiful dreams. At Babuka, we pay attention to every detail in the design of our products and produce them with respect for the place where we live.","og_url":"https:\/\/www.babuka.sk\/en\/product\/pillow-for-deti-kocur-filip\/","og_site_name":"Babuka","article_publisher":"https:\/\/www.facebook.com\/babuka.sk","article_modified_time":"2024-12-05T12:51:21+00:00","og_image":[{"url":"https:\/\/www.babuka.sk\/wp-content\/uploads\/2022\/10\/EB7EB56D-F76F-4090-87EC-F2BFD39FD4F9-600x600.jpeg","type":"","width":"","height":""}],"twitter_card":"summary_large_image","twitter_misc":{"Est. reading time":"1 minute"},"schema":{"@context":"https:\/\/schema.org","@graph":[{"@type":"WebPage","@id":"https:\/\/www.babuka.sk\/en\/product\/pillow-for-deti-kocur-filip\/","url":"https:\/\/www.babuka.sk\/en\/product\/pillow-for-deti-kocur-filip\/","name":"Cushion for children Filip the cat | Babuka%","isPartOf":{"@id":"https:\/\/www.babuka.sk\/en\/#website"},"primaryImageOfPage":{"@id":"https:\/\/www.babuka.sk\/en\/product\/pillow-for-deti-kocur-filip\/#primaryimage"},"image":{"@id":"https:\/\/www.babuka.sk\/en\/product\/pillow-for-deti-kocur-filip\/#primaryimage"},"thumbnailUrl":"https:\/\/i0.wp.com\/www.babuka.sk\/wp-content\/uploads\/2022\/09\/vankus_kocur_predok.jpg?fit=1920%2C1920&ssl=1","datePublished":"2022-09-28T18:24:23+00:00","dateModified":"2024-12-05T12:51:21+00:00","description":"Cushion for children with ears from the Little Universe collection for more beautiful dreams. At home, or on the way. Designed and manufactured in the heart of Europe.","breadcrumb":{"@id":"https:\/\/www.babuka.sk\/en\/product\/pillow-for-deti-kocur-filip\/#breadcrumb"},"inLanguage":"en-US","potentialAction":[{"@type":"ReadAction","target":["https:\/\/www.babuka.sk\/en\/product\/pillow-for-deti-kocur-filip\/"]}]},{"@type":"ImageObject","inLanguage":"en-US","@id":"https:\/\/www.babuka.sk\/en\/product\/pillow-for-deti-kocur-filip\/#primaryimage","url":"https:\/\/i0.wp.com\/www.babuka.sk\/wp-content\/uploads\/2022\/09\/vankus_kocur_predok.jpg?fit=1920%2C1920&ssl=1","contentUrl":"https:\/\/i0.wp.com\/www.babuka.sk\/wp-content\/uploads\/2022\/09\/vankus_kocur_predok.jpg?fit=1920%2C1920&ssl=1","width":1920,"height":1920,"caption":"vank\u00fa\u0161 koc\u00far filip predok"},{"@type":"BreadcrumbList","@id":"https:\/\/www.babuka.sk\/en\/product\/pillow-for-deti-kocur-filip\/#breadcrumb","itemListElement":[{"@type":"ListItem","position":1,"name":"Domov","item":"https:\/\/www.babuka.sk\/en\/"},{"@type":"ListItem","position":2,"name":"Collections","item":"https:\/\/www.babuka.sk\/en\/shop\/"},{"@type":"ListItem","position":3,"name":"FILIP THE CAT CUSHION"}]},{"@type":"WebSite","@id":"https:\/\/www.babuka.sk\/en\/#website","url":"https:\/\/www.babuka.sk\/en\/","name":"Babuka","description":"","publisher":{"@id":"https:\/\/www.babuka.sk\/en\/#organization"},"potentialAction":[{"@type":"SearchAction","target":{"@type":"EntryPoint","urlTemplate":"https:\/\/www.babuka.sk\/en\/?s={search_term_string}"},"query-input":{"@type":"PropertyValueSpecification","valueRequired":true,"valueName":"search_term_string"}}],"inLanguage":"en-US"},{"@type":"Organization","@id":"https:\/\/www.babuka.sk\/en\/#organization","name":"Babuka","url":"https:\/\/www.babuka.sk\/en\/","logo":{"@type":"ImageObject","inLanguage":"en-US","@id":"https:\/\/www.babuka.sk\/en\/#\/schema\/logo\/image\/","url":"https:\/\/www.babuka.sk\/wp-content\/uploads\/2023\/01\/BabukaIcon.png","contentUrl":"https:\/\/www.babuka.sk\/wp-content\/uploads\/2023\/01\/BabukaIcon.png","width":512,"height":512,"caption":"Babuka"},"image":{"@id":"https:\/\/www.babuka.sk\/en\/#\/schema\/logo\/image\/"},"sameAs":["https:\/\/www.facebook.com\/babuka.sk","https:\/\/www.instagram.com\/babuka.sk\/","https:\/\/www.youtube.com\/@babuka268"]}]}},"jetpack_sharing_enabled":true,"_links":{"self":[{"href":"https:\/\/www.babuka.sk\/en\/wp-json\/wp\/v2\/product\/2004","targetHints":{"allow":["GET"]}}],"collection":[{"href":"https:\/\/www.babuka.sk\/en\/wp-json\/wp\/v2\/product"}],"about":[{"href":"https:\/\/www.babuka.sk\/en\/wp-json\/wp\/v2\/types\/product"}],"wp:featuredmedia":[{"embeddable":true,"href":"https:\/\/www.babuka.sk\/en\/wp-json\/wp\/v2\/media\/3814"}],"wp:attachment":[{"href":"https:\/\/www.babuka.sk\/en\/wp-json\/wp\/v2\/media?parent=2004"}],"wp:term":[{"taxonomy":"product_brand","embeddable":true,"href":"https:\/\/www.babuka.sk\/en\/wp-json\/wp\/v2\/product_brand?post=2004"},{"taxonomy":"product_cat","embeddable":true,"href":"https:\/\/www.babuka.sk\/en\/wp-json\/wp\/v2\/product_cat?post=2004"},{"taxonomy":"product_tag","embeddable":true,"href":"https:\/\/www.babuka.sk\/en\/wp-json\/wp\/v2\/product_tag?post=2004"}],"curies":[{"name":"wp","href":"https:\/\/api.w.org\/{rel}","templated":true}]}}