{"id":2003,"date":"2022-09-28T21:54:16","date_gmt":"2022-09-28T19:54:16","guid":{"rendered":"https:\/\/www.babuka.sk\/product\/lujza-sheep-pillow\/"},"modified":"2025-02-13T12:51:10","modified_gmt":"2025-02-13T11:51:10","slug":"baby-pillow-ovecka-lujza","status":"publish","type":"product","link":"https:\/\/www.babuka.sk\/en\/product\/baby-pillow-ovecka-lujza\/","title":{"rendered":"LUJZA THE SHEEP CUSHION"},"content":{"rendered":"<h1>Designed and manufactured with respect to the place where we live.<\/h1>\n<h3>Children&#8217;s cushion made locally from materials from local suppliers<\/h3>\n<p>We design our products with attention to detail. We sew the kids pillow Lujza in our workshop from high quality and super soft satin made of 100% cotton. Digital printing is done for us by printers in Slovakia who use environmentally friendly and tested, long-lasting inks. We strive to use the best materials to enjoy your soft friends for as long as possible.<\/p>\n<h3>Responsible packaging<\/h3>\n<p>We try to use as little packaging material as possible for our products. We use recyclable paper packaging, certified paper from organic sources and compostable shipping bags.<\/p>\n<h3>Shipping<\/h3>\n<p>All your orders are shipped by our verified carriers at the best possible prices. We provide free shipping for orders over 50 \u20ac within Slovakia and the Czech Republic. When ordering, you can choose home delivery and pick-up point or parcel box delivery (depending on shipping destination).<\/p>\n<p><a href=\"https:\/\/www.babuka.sk\/594-2\/\" data-padding=\"5px\">The current shipping prices and detailed information can be found here.<\/a><\/p>\n<p>*Please note that the color of the product in the photo may vary slightly from reality. The shade displayed depends on your monitor settings.<\/p>\n<p>&nbsp;<\/p>\n","protected":false},"excerpt":{"rendered":"<h3>The cuddly children&#8217;s pillow from the Loving collection is sure to chase away all the little night monstres, whether at home or on the go. And it can make children feel at home during your afternoon nap in the nursery. With a cuddly friend, children will dream the most beautiful dreams wherever they are.<\/h3>\n<p>The cushion has one side printed with the animal&#8217;s face and the other side with a cute illustration, so it can decorate a child&#8217;s room in two ways. The pillow doesn&#8217;t even mind some of the dirtiness. Just wash it in the washing machine and you can continue dreaming together.<\/p>\n<p>Designed and manufactured in the heart of Europe.<\/p>\n","protected":false},"featured_media":3808,"template":"","meta":[],"product_brand":[],"product_cat":[160],"product_tag":[],"class_list":{"0":"post-2003","1":"product","2":"type-product","3":"status-publish","4":"has-post-thumbnail","6":"product_cat-cushions","8":"first","9":"instock","10":"shipping-taxable","11":"purchasable","12":"product-type-simple"},"yoast_head":"<!-- This site is optimized with the Yoast SEO plugin v25.9 - https:\/\/yoast.com\/wordpress\/plugins\/seo\/ -->\n<title>Children&#039;s pillow |%Babuka%<\/title>\n<meta name=\"description\" content=\"Cuddly children&#039;s pillow in the shape of a sheep from the Loving collection. Designed and manufactured in the heart of Europe. For more beautiful dreams at home, on the way or at the nursery.\" \/>\n<meta name=\"robots\" content=\"index, follow, max-snippet:-1, max-image-preview:large, max-video-preview:-1\" \/>\n<link rel=\"canonical\" href=\"https:\/\/www.babuka.sk\/en\/product\/baby-pillow-ovecka-lujza\/\" \/>\n<meta property=\"og:locale\" content=\"en_US\" \/>\n<meta property=\"og:type\" content=\"article\" \/>\n<meta property=\"og:title\" content=\"LUJZA THE SHEEP CUSHION | Babuka\" \/>\n<meta property=\"og:description\" content=\"The children&#039;s pillow with ears from the Loving collection, Lujza the sheep, will chase away all the night little monstres and bring up the most beautiful dreams. At Babuka, we pay attention to every detail in the design of our products and produce them with respect for the place where we live.\" \/>\n<meta property=\"og:url\" content=\"https:\/\/www.babuka.sk\/en\/product\/baby-pillow-ovecka-lujza\/\" \/>\n<meta property=\"og:site_name\" content=\"Babuka\" \/>\n<meta property=\"article:publisher\" content=\"https:\/\/www.facebook.com\/babuka.sk\" \/>\n<meta property=\"article:modified_time\" content=\"2025-02-13T11:51:10+00:00\" \/>\n<meta property=\"og:image\" content=\"https:\/\/www.babuka.sk\/wp-content\/uploads\/2022\/09\/ovca_vankus_produktpic3-600x600.jpg\" \/>\n<meta name=\"twitter:card\" content=\"summary_large_image\" \/>\n<meta name=\"twitter:label1\" content=\"Est. reading time\" \/>\n\t<meta name=\"twitter:data1\" content=\"1 minute\" \/>\n<script type=\"application\/ld+json\" class=\"yoast-schema-graph\">{\"@context\":\"https:\/\/schema.org\",\"@graph\":[{\"@type\":\"WebPage\",\"@id\":\"https:\/\/www.babuka.sk\/en\/product\/baby-pillow-ovecka-lujza\/\",\"url\":\"https:\/\/www.babuka.sk\/en\/product\/baby-pillow-ovecka-lujza\/\",\"name\":\"Children's pillow |%Babuka%\",\"isPartOf\":{\"@id\":\"https:\/\/www.babuka.sk\/en\/#website\"},\"primaryImageOfPage\":{\"@id\":\"https:\/\/www.babuka.sk\/en\/product\/baby-pillow-ovecka-lujza\/#primaryimage\"},\"image\":{\"@id\":\"https:\/\/www.babuka.sk\/en\/product\/baby-pillow-ovecka-lujza\/#primaryimage\"},\"thumbnailUrl\":\"https:\/\/i0.wp.com\/www.babuka.sk\/wp-content\/uploads\/2022\/09\/vankus_ovecka_predok.jpg?fit=1920%2C1920&ssl=1\",\"datePublished\":\"2022-09-28T19:54:16+00:00\",\"dateModified\":\"2025-02-13T11:51:10+00:00\",\"description\":\"Cuddly children's pillow in the shape of a sheep from the Loving collection. Designed and manufactured in the heart of Europe. For more beautiful dreams at home, on the way or at the nursery.\",\"breadcrumb\":{\"@id\":\"https:\/\/www.babuka.sk\/en\/product\/baby-pillow-ovecka-lujza\/#breadcrumb\"},\"inLanguage\":\"en-US\",\"potentialAction\":[{\"@type\":\"ReadAction\",\"target\":[\"https:\/\/www.babuka.sk\/en\/product\/baby-pillow-ovecka-lujza\/\"]}]},{\"@type\":\"ImageObject\",\"inLanguage\":\"en-US\",\"@id\":\"https:\/\/www.babuka.sk\/en\/product\/baby-pillow-ovecka-lujza\/#primaryimage\",\"url\":\"https:\/\/i0.wp.com\/www.babuka.sk\/wp-content\/uploads\/2022\/09\/vankus_ovecka_predok.jpg?fit=1920%2C1920&ssl=1\",\"contentUrl\":\"https:\/\/i0.wp.com\/www.babuka.sk\/wp-content\/uploads\/2022\/09\/vankus_ovecka_predok.jpg?fit=1920%2C1920&ssl=1\",\"width\":1920,\"height\":1920,\"caption\":\"vank\u00fa\u0161ik ove\u010dka predok\"},{\"@type\":\"BreadcrumbList\",\"@id\":\"https:\/\/www.babuka.sk\/en\/product\/baby-pillow-ovecka-lujza\/#breadcrumb\",\"itemListElement\":[{\"@type\":\"ListItem\",\"position\":1,\"name\":\"Domov\",\"item\":\"https:\/\/www.babuka.sk\/en\/\"},{\"@type\":\"ListItem\",\"position\":2,\"name\":\"Collections\",\"item\":\"https:\/\/www.babuka.sk\/en\/shop\/\"},{\"@type\":\"ListItem\",\"position\":3,\"name\":\"LUJZA THE SHEEP CUSHION\"}]},{\"@type\":\"WebSite\",\"@id\":\"https:\/\/www.babuka.sk\/en\/#website\",\"url\":\"https:\/\/www.babuka.sk\/en\/\",\"name\":\"Babuka\",\"description\":\"\",\"publisher\":{\"@id\":\"https:\/\/www.babuka.sk\/en\/#organization\"},\"potentialAction\":[{\"@type\":\"SearchAction\",\"target\":{\"@type\":\"EntryPoint\",\"urlTemplate\":\"https:\/\/www.babuka.sk\/en\/?s={search_term_string}\"},\"query-input\":{\"@type\":\"PropertyValueSpecification\",\"valueRequired\":true,\"valueName\":\"search_term_string\"}}],\"inLanguage\":\"en-US\"},{\"@type\":\"Organization\",\"@id\":\"https:\/\/www.babuka.sk\/en\/#organization\",\"name\":\"Babuka\",\"url\":\"https:\/\/www.babuka.sk\/en\/\",\"logo\":{\"@type\":\"ImageObject\",\"inLanguage\":\"en-US\",\"@id\":\"https:\/\/www.babuka.sk\/en\/#\/schema\/logo\/image\/\",\"url\":\"https:\/\/www.babuka.sk\/wp-content\/uploads\/2023\/01\/BabukaIcon.png\",\"contentUrl\":\"https:\/\/www.babuka.sk\/wp-content\/uploads\/2023\/01\/BabukaIcon.png\",\"width\":512,\"height\":512,\"caption\":\"Babuka\"},\"image\":{\"@id\":\"https:\/\/www.babuka.sk\/en\/#\/schema\/logo\/image\/\"},\"sameAs\":[\"https:\/\/www.facebook.com\/babuka.sk\",\"https:\/\/www.instagram.com\/babuka.sk\/\",\"https:\/\/www.youtube.com\/@babuka268\"]}]}<\/script>\n<!-- \/ Yoast SEO plugin. -->","yoast_head_json":{"title":"Children's pillow |%Babuka%","description":"Cuddly children's pillow in the shape of a sheep from the Loving collection. Designed and manufactured in the heart of Europe. For more beautiful dreams at home, on the way or at the nursery.","robots":{"index":"index","follow":"follow","max-snippet":"max-snippet:-1","max-image-preview":"max-image-preview:large","max-video-preview":"max-video-preview:-1"},"canonical":"https:\/\/www.babuka.sk\/en\/product\/baby-pillow-ovecka-lujza\/","og_locale":"en_US","og_type":"article","og_title":"LUJZA THE SHEEP CUSHION | Babuka","og_description":"The children's pillow with ears from the Loving collection, Lujza the sheep, will chase away all the night little monstres and bring up the most beautiful dreams. At Babuka, we pay attention to every detail in the design of our products and produce them with respect for the place where we live.","og_url":"https:\/\/www.babuka.sk\/en\/product\/baby-pillow-ovecka-lujza\/","og_site_name":"Babuka","article_publisher":"https:\/\/www.facebook.com\/babuka.sk","article_modified_time":"2025-02-13T11:51:10+00:00","og_image":[{"url":"https:\/\/www.babuka.sk\/wp-content\/uploads\/2022\/09\/ovca_vankus_produktpic3-600x600.jpg","type":"","width":"","height":""}],"twitter_card":"summary_large_image","twitter_misc":{"Est. reading time":"1 minute"},"schema":{"@context":"https:\/\/schema.org","@graph":[{"@type":"WebPage","@id":"https:\/\/www.babuka.sk\/en\/product\/baby-pillow-ovecka-lujza\/","url":"https:\/\/www.babuka.sk\/en\/product\/baby-pillow-ovecka-lujza\/","name":"Children's pillow |%Babuka%","isPartOf":{"@id":"https:\/\/www.babuka.sk\/en\/#website"},"primaryImageOfPage":{"@id":"https:\/\/www.babuka.sk\/en\/product\/baby-pillow-ovecka-lujza\/#primaryimage"},"image":{"@id":"https:\/\/www.babuka.sk\/en\/product\/baby-pillow-ovecka-lujza\/#primaryimage"},"thumbnailUrl":"https:\/\/i0.wp.com\/www.babuka.sk\/wp-content\/uploads\/2022\/09\/vankus_ovecka_predok.jpg?fit=1920%2C1920&ssl=1","datePublished":"2022-09-28T19:54:16+00:00","dateModified":"2025-02-13T11:51:10+00:00","description":"Cuddly children's pillow in the shape of a sheep from the Loving collection. Designed and manufactured in the heart of Europe. For more beautiful dreams at home, on the way or at the nursery.","breadcrumb":{"@id":"https:\/\/www.babuka.sk\/en\/product\/baby-pillow-ovecka-lujza\/#breadcrumb"},"inLanguage":"en-US","potentialAction":[{"@type":"ReadAction","target":["https:\/\/www.babuka.sk\/en\/product\/baby-pillow-ovecka-lujza\/"]}]},{"@type":"ImageObject","inLanguage":"en-US","@id":"https:\/\/www.babuka.sk\/en\/product\/baby-pillow-ovecka-lujza\/#primaryimage","url":"https:\/\/i0.wp.com\/www.babuka.sk\/wp-content\/uploads\/2022\/09\/vankus_ovecka_predok.jpg?fit=1920%2C1920&ssl=1","contentUrl":"https:\/\/i0.wp.com\/www.babuka.sk\/wp-content\/uploads\/2022\/09\/vankus_ovecka_predok.jpg?fit=1920%2C1920&ssl=1","width":1920,"height":1920,"caption":"vank\u00fa\u0161ik ove\u010dka predok"},{"@type":"BreadcrumbList","@id":"https:\/\/www.babuka.sk\/en\/product\/baby-pillow-ovecka-lujza\/#breadcrumb","itemListElement":[{"@type":"ListItem","position":1,"name":"Domov","item":"https:\/\/www.babuka.sk\/en\/"},{"@type":"ListItem","position":2,"name":"Collections","item":"https:\/\/www.babuka.sk\/en\/shop\/"},{"@type":"ListItem","position":3,"name":"LUJZA THE SHEEP CUSHION"}]},{"@type":"WebSite","@id":"https:\/\/www.babuka.sk\/en\/#website","url":"https:\/\/www.babuka.sk\/en\/","name":"Babuka","description":"","publisher":{"@id":"https:\/\/www.babuka.sk\/en\/#organization"},"potentialAction":[{"@type":"SearchAction","target":{"@type":"EntryPoint","urlTemplate":"https:\/\/www.babuka.sk\/en\/?s={search_term_string}"},"query-input":{"@type":"PropertyValueSpecification","valueRequired":true,"valueName":"search_term_string"}}],"inLanguage":"en-US"},{"@type":"Organization","@id":"https:\/\/www.babuka.sk\/en\/#organization","name":"Babuka","url":"https:\/\/www.babuka.sk\/en\/","logo":{"@type":"ImageObject","inLanguage":"en-US","@id":"https:\/\/www.babuka.sk\/en\/#\/schema\/logo\/image\/","url":"https:\/\/www.babuka.sk\/wp-content\/uploads\/2023\/01\/BabukaIcon.png","contentUrl":"https:\/\/www.babuka.sk\/wp-content\/uploads\/2023\/01\/BabukaIcon.png","width":512,"height":512,"caption":"Babuka"},"image":{"@id":"https:\/\/www.babuka.sk\/en\/#\/schema\/logo\/image\/"},"sameAs":["https:\/\/www.facebook.com\/babuka.sk","https:\/\/www.instagram.com\/babuka.sk\/","https:\/\/www.youtube.com\/@babuka268"]}]}},"jetpack_sharing_enabled":true,"_links":{"self":[{"href":"https:\/\/www.babuka.sk\/en\/wp-json\/wp\/v2\/product\/2003","targetHints":{"allow":["GET"]}}],"collection":[{"href":"https:\/\/www.babuka.sk\/en\/wp-json\/wp\/v2\/product"}],"about":[{"href":"https:\/\/www.babuka.sk\/en\/wp-json\/wp\/v2\/types\/product"}],"wp:featuredmedia":[{"embeddable":true,"href":"https:\/\/www.babuka.sk\/en\/wp-json\/wp\/v2\/media\/3808"}],"wp:attachment":[{"href":"https:\/\/www.babuka.sk\/en\/wp-json\/wp\/v2\/media?parent=2003"}],"wp:term":[{"taxonomy":"product_brand","embeddable":true,"href":"https:\/\/www.babuka.sk\/en\/wp-json\/wp\/v2\/product_brand?post=2003"},{"taxonomy":"product_cat","embeddable":true,"href":"https:\/\/www.babuka.sk\/en\/wp-json\/wp\/v2\/product_cat?post=2003"},{"taxonomy":"product_tag","embeddable":true,"href":"https:\/\/www.babuka.sk\/en\/wp-json\/wp\/v2\/product_tag?post=2003"}],"curies":[{"name":"wp","href":"https:\/\/api.w.org\/{rel}","templated":true}]}}