{"id":1997,"date":"2022-05-23T14:41:04","date_gmt":"2022-05-23T12:41:04","guid":{"rendered":"https:\/\/www.babuka.sk\/product\/substance-small-universe\/"},"modified":"2023-12-06T23:38:17","modified_gmt":"2023-12-06T22:38:17","slug":"slatted-panels-small-vesmir","status":"publish","type":"product","link":"https:\/\/www.babuka.sk\/en\/product\/slatted-panels-small-vesmir\/","title":{"rendered":"LITTLE UNIVERSE SEWING PATTERN FABRIC"},"content":{"rendered":"<h1>Designed and manufactured with respect to the place where we live.<\/h1>\n<h3>Fabric panels with pre-printed pattern &#8211; local design from local materials<\/h3>\n<p>We design our products with attention to detail. We design fabric panels with pre-printed patterns to be suitable for beginners. Our pattern guarantees easy sewing and with our detailed instructions, everyone can do it. Advanced sewing enthusiasts will appreciate how quickly, easily and without unnecessary effort they can sew a toy or pillow for their children. Digital printing on high quality cotton sateen is done for us by printers in Slovakia who use ecological and tested, long-lasting inks. We strive to use the best materials to enjoy your soft friends for as long as possible.<\/p>\n<h3>Responsible packaging<\/h3>\n<p>We try to use as little packaging material as possible for our products. We use recyclable paper packaging, certified paper from organic sources and compostable shipping bags.<\/p>\n<h3>Shipping<\/h3>\n<p>All your orders are shipped by our verified carriers at the best possible prices. We provide free shipping for orders over 50 \u20ac within Slovakia and the Czech Republic. When ordering, you can choose home delivery and pick-up point or parcel box delivery (depending on shipping destination).<\/p>\n<p><a href=\"https:\/\/www.babuka.sk\/594-2\/\" data-padding=\"5px\">The current shipping prices and detailed information can be found here.<\/a><\/p>\n<p>*Please note that the color of the product in the photo may vary slightly from reality. The shade displayed depends on your monitor settings.<\/p>\n","protected":false},"excerpt":{"rendered":"<h3>The pre-printed fabric on soft cotton sateen from the Little Universe collection contains all the fabric parts needed to sew a cat friend and a dog pillow. The cut is specially designed to make sewing as easy as possible.<\/h3>\n<p>The package includes detailed pictorial instructions and a video tutorial is also available. So even sewing beginners can throw away all fears. It&#8217;s quick and easy. Just cut and sew. The new owner will surely love them. After all, the most beautiful gift is the one you make with love :).<\/p>\n<p>Designed and manufactured with \u2665 in Slovakia.<\/p>\n","protected":false},"featured_media":3838,"template":"","meta":[],"product_brand":[],"product_cat":[158],"product_tag":[],"class_list":{"0":"post-1997","1":"product","2":"type-product","3":"status-publish","4":"has-post-thumbnail","6":"product_cat-sewing-patterns","8":"first","9":"instock","10":"shipping-taxable","11":"purchasable","12":"product-type-simple"},"yoast_head":"<!-- This site is optimized with the Yoast SEO plugin v25.9 - https:\/\/yoast.com\/wordpress\/plugins\/seo\/ -->\n<title>Fabric panels for sewing toy and cushion | Babuka %<\/title>\n<meta name=\"description\" content=\"Fabric panels with pre-printed pattern and detailed sewing instructions for beginners and advanced sewers. Designed and manufactured in the heart of Europe.\" \/>\n<meta name=\"robots\" content=\"index, follow, max-snippet:-1, max-image-preview:large, max-video-preview:-1\" \/>\n<link rel=\"canonical\" href=\"https:\/\/www.babuka.sk\/en\/product\/slatted-panels-small-vesmir\/\" \/>\n<meta property=\"og:locale\" content=\"en_US\" \/>\n<meta property=\"og:type\" content=\"article\" \/>\n<meta property=\"og:title\" content=\"LITTLE UNIVERSE SEWING PATTERN FABRIC | Babuka\" \/>\n<meta property=\"og:description\" content=\"Sew a cute friend Philip the cat and a dog pillow for your kids. It&#039;s easy, just cut and sew according to the included instructions or video tutorial. Because the most beautiful gift is the one you make with love.\" \/>\n<meta property=\"og:url\" content=\"https:\/\/www.babuka.sk\/en\/product\/slatted-panels-small-vesmir\/\" \/>\n<meta property=\"og:site_name\" content=\"Babuka\" \/>\n<meta property=\"article:publisher\" content=\"https:\/\/www.facebook.com\/babuka.sk\" \/>\n<meta property=\"article:modified_time\" content=\"2023-12-06T22:38:17+00:00\" \/>\n<meta property=\"og:image\" content=\"https:\/\/www.babuka.sk\/wp-content\/uploads\/2022\/05\/filip_latka-produktpic7-600x600.jpg\" \/>\n<meta name=\"twitter:card\" content=\"summary_large_image\" \/>\n<meta name=\"twitter:label1\" content=\"Est. reading time\" \/>\n\t<meta name=\"twitter:data1\" content=\"2 minutes\" \/>\n<script type=\"application\/ld+json\" class=\"yoast-schema-graph\">{\"@context\":\"https:\/\/schema.org\",\"@graph\":[{\"@type\":\"WebPage\",\"@id\":\"https:\/\/www.babuka.sk\/en\/product\/slatted-panels-small-vesmir\/\",\"url\":\"https:\/\/www.babuka.sk\/en\/product\/slatted-panels-small-vesmir\/\",\"name\":\"Fabric panels for sewing toy and cushion | Babuka %\",\"isPartOf\":{\"@id\":\"https:\/\/www.babuka.sk\/en\/#website\"},\"primaryImageOfPage\":{\"@id\":\"https:\/\/www.babuka.sk\/en\/product\/slatted-panels-small-vesmir\/#primaryimage\"},\"image\":{\"@id\":\"https:\/\/www.babuka.sk\/en\/product\/slatted-panels-small-vesmir\/#primaryimage\"},\"thumbnailUrl\":\"https:\/\/i0.wp.com\/www.babuka.sk\/wp-content\/uploads\/2022\/05\/latka_kocur.jpg?fit=1920%2C1920&ssl=1\",\"datePublished\":\"2022-05-23T12:41:04+00:00\",\"dateModified\":\"2023-12-06T22:38:17+00:00\",\"description\":\"Fabric panels with pre-printed pattern and detailed sewing instructions for beginners and advanced sewers. Designed and manufactured in the heart of Europe.\",\"breadcrumb\":{\"@id\":\"https:\/\/www.babuka.sk\/en\/product\/slatted-panels-small-vesmir\/#breadcrumb\"},\"inLanguage\":\"en-US\",\"potentialAction\":[{\"@type\":\"ReadAction\",\"target\":[\"https:\/\/www.babuka.sk\/en\/product\/slatted-panels-small-vesmir\/\"]}]},{\"@type\":\"ImageObject\",\"inLanguage\":\"en-US\",\"@id\":\"https:\/\/www.babuka.sk\/en\/product\/slatted-panels-small-vesmir\/#primaryimage\",\"url\":\"https:\/\/i0.wp.com\/www.babuka.sk\/wp-content\/uploads\/2022\/05\/latka_kocur.jpg?fit=1920%2C1920&ssl=1\",\"contentUrl\":\"https:\/\/i0.wp.com\/www.babuka.sk\/wp-content\/uploads\/2022\/05\/latka_kocur.jpg?fit=1920%2C1920&ssl=1\",\"width\":1920,\"height\":1920,\"caption\":\"l\u00e1tka koc\u00far s obalom a n\u00e1vodom\"},{\"@type\":\"BreadcrumbList\",\"@id\":\"https:\/\/www.babuka.sk\/en\/product\/slatted-panels-small-vesmir\/#breadcrumb\",\"itemListElement\":[{\"@type\":\"ListItem\",\"position\":1,\"name\":\"Domov\",\"item\":\"https:\/\/www.babuka.sk\/en\/\"},{\"@type\":\"ListItem\",\"position\":2,\"name\":\"Collections\",\"item\":\"https:\/\/www.babuka.sk\/en\/shop\/\"},{\"@type\":\"ListItem\",\"position\":3,\"name\":\"LITTLE UNIVERSE SEWING PATTERN FABRIC\"}]},{\"@type\":\"WebSite\",\"@id\":\"https:\/\/www.babuka.sk\/en\/#website\",\"url\":\"https:\/\/www.babuka.sk\/en\/\",\"name\":\"Babuka\",\"description\":\"\",\"publisher\":{\"@id\":\"https:\/\/www.babuka.sk\/en\/#organization\"},\"potentialAction\":[{\"@type\":\"SearchAction\",\"target\":{\"@type\":\"EntryPoint\",\"urlTemplate\":\"https:\/\/www.babuka.sk\/en\/?s={search_term_string}\"},\"query-input\":{\"@type\":\"PropertyValueSpecification\",\"valueRequired\":true,\"valueName\":\"search_term_string\"}}],\"inLanguage\":\"en-US\"},{\"@type\":\"Organization\",\"@id\":\"https:\/\/www.babuka.sk\/en\/#organization\",\"name\":\"Babuka\",\"url\":\"https:\/\/www.babuka.sk\/en\/\",\"logo\":{\"@type\":\"ImageObject\",\"inLanguage\":\"en-US\",\"@id\":\"https:\/\/www.babuka.sk\/en\/#\/schema\/logo\/image\/\",\"url\":\"https:\/\/www.babuka.sk\/wp-content\/uploads\/2023\/01\/BabukaIcon.png\",\"contentUrl\":\"https:\/\/www.babuka.sk\/wp-content\/uploads\/2023\/01\/BabukaIcon.png\",\"width\":512,\"height\":512,\"caption\":\"Babuka\"},\"image\":{\"@id\":\"https:\/\/www.babuka.sk\/en\/#\/schema\/logo\/image\/\"},\"sameAs\":[\"https:\/\/www.facebook.com\/babuka.sk\",\"https:\/\/www.instagram.com\/babuka.sk\/\",\"https:\/\/www.youtube.com\/@babuka268\"]}]}<\/script>\n<!-- \/ Yoast SEO plugin. -->","yoast_head_json":{"title":"Fabric panels for sewing toy and cushion | Babuka %","description":"Fabric panels with pre-printed pattern and detailed sewing instructions for beginners and advanced sewers. Designed and manufactured in the heart of Europe.","robots":{"index":"index","follow":"follow","max-snippet":"max-snippet:-1","max-image-preview":"max-image-preview:large","max-video-preview":"max-video-preview:-1"},"canonical":"https:\/\/www.babuka.sk\/en\/product\/slatted-panels-small-vesmir\/","og_locale":"en_US","og_type":"article","og_title":"LITTLE UNIVERSE SEWING PATTERN FABRIC | Babuka","og_description":"Sew a cute friend Philip the cat and a dog pillow for your kids. It's easy, just cut and sew according to the included instructions or video tutorial. Because the most beautiful gift is the one you make with love.","og_url":"https:\/\/www.babuka.sk\/en\/product\/slatted-panels-small-vesmir\/","og_site_name":"Babuka","article_publisher":"https:\/\/www.facebook.com\/babuka.sk","article_modified_time":"2023-12-06T22:38:17+00:00","og_image":[{"url":"https:\/\/www.babuka.sk\/wp-content\/uploads\/2022\/05\/filip_latka-produktpic7-600x600.jpg","type":"","width":"","height":""}],"twitter_card":"summary_large_image","twitter_misc":{"Est. reading time":"2 minutes"},"schema":{"@context":"https:\/\/schema.org","@graph":[{"@type":"WebPage","@id":"https:\/\/www.babuka.sk\/en\/product\/slatted-panels-small-vesmir\/","url":"https:\/\/www.babuka.sk\/en\/product\/slatted-panels-small-vesmir\/","name":"Fabric panels for sewing toy and cushion | Babuka %","isPartOf":{"@id":"https:\/\/www.babuka.sk\/en\/#website"},"primaryImageOfPage":{"@id":"https:\/\/www.babuka.sk\/en\/product\/slatted-panels-small-vesmir\/#primaryimage"},"image":{"@id":"https:\/\/www.babuka.sk\/en\/product\/slatted-panels-small-vesmir\/#primaryimage"},"thumbnailUrl":"https:\/\/i0.wp.com\/www.babuka.sk\/wp-content\/uploads\/2022\/05\/latka_kocur.jpg?fit=1920%2C1920&ssl=1","datePublished":"2022-05-23T12:41:04+00:00","dateModified":"2023-12-06T22:38:17+00:00","description":"Fabric panels with pre-printed pattern and detailed sewing instructions for beginners and advanced sewers. Designed and manufactured in the heart of Europe.","breadcrumb":{"@id":"https:\/\/www.babuka.sk\/en\/product\/slatted-panels-small-vesmir\/#breadcrumb"},"inLanguage":"en-US","potentialAction":[{"@type":"ReadAction","target":["https:\/\/www.babuka.sk\/en\/product\/slatted-panels-small-vesmir\/"]}]},{"@type":"ImageObject","inLanguage":"en-US","@id":"https:\/\/www.babuka.sk\/en\/product\/slatted-panels-small-vesmir\/#primaryimage","url":"https:\/\/i0.wp.com\/www.babuka.sk\/wp-content\/uploads\/2022\/05\/latka_kocur.jpg?fit=1920%2C1920&ssl=1","contentUrl":"https:\/\/i0.wp.com\/www.babuka.sk\/wp-content\/uploads\/2022\/05\/latka_kocur.jpg?fit=1920%2C1920&ssl=1","width":1920,"height":1920,"caption":"l\u00e1tka koc\u00far s obalom a n\u00e1vodom"},{"@type":"BreadcrumbList","@id":"https:\/\/www.babuka.sk\/en\/product\/slatted-panels-small-vesmir\/#breadcrumb","itemListElement":[{"@type":"ListItem","position":1,"name":"Domov","item":"https:\/\/www.babuka.sk\/en\/"},{"@type":"ListItem","position":2,"name":"Collections","item":"https:\/\/www.babuka.sk\/en\/shop\/"},{"@type":"ListItem","position":3,"name":"LITTLE UNIVERSE SEWING PATTERN FABRIC"}]},{"@type":"WebSite","@id":"https:\/\/www.babuka.sk\/en\/#website","url":"https:\/\/www.babuka.sk\/en\/","name":"Babuka","description":"","publisher":{"@id":"https:\/\/www.babuka.sk\/en\/#organization"},"potentialAction":[{"@type":"SearchAction","target":{"@type":"EntryPoint","urlTemplate":"https:\/\/www.babuka.sk\/en\/?s={search_term_string}"},"query-input":{"@type":"PropertyValueSpecification","valueRequired":true,"valueName":"search_term_string"}}],"inLanguage":"en-US"},{"@type":"Organization","@id":"https:\/\/www.babuka.sk\/en\/#organization","name":"Babuka","url":"https:\/\/www.babuka.sk\/en\/","logo":{"@type":"ImageObject","inLanguage":"en-US","@id":"https:\/\/www.babuka.sk\/en\/#\/schema\/logo\/image\/","url":"https:\/\/www.babuka.sk\/wp-content\/uploads\/2023\/01\/BabukaIcon.png","contentUrl":"https:\/\/www.babuka.sk\/wp-content\/uploads\/2023\/01\/BabukaIcon.png","width":512,"height":512,"caption":"Babuka"},"image":{"@id":"https:\/\/www.babuka.sk\/en\/#\/schema\/logo\/image\/"},"sameAs":["https:\/\/www.facebook.com\/babuka.sk","https:\/\/www.instagram.com\/babuka.sk\/","https:\/\/www.youtube.com\/@babuka268"]}]}},"jetpack_sharing_enabled":true,"_links":{"self":[{"href":"https:\/\/www.babuka.sk\/en\/wp-json\/wp\/v2\/product\/1997","targetHints":{"allow":["GET"]}}],"collection":[{"href":"https:\/\/www.babuka.sk\/en\/wp-json\/wp\/v2\/product"}],"about":[{"href":"https:\/\/www.babuka.sk\/en\/wp-json\/wp\/v2\/types\/product"}],"wp:featuredmedia":[{"embeddable":true,"href":"https:\/\/www.babuka.sk\/en\/wp-json\/wp\/v2\/media\/3838"}],"wp:attachment":[{"href":"https:\/\/www.babuka.sk\/en\/wp-json\/wp\/v2\/media?parent=1997"}],"wp:term":[{"taxonomy":"product_brand","embeddable":true,"href":"https:\/\/www.babuka.sk\/en\/wp-json\/wp\/v2\/product_brand?post=1997"},{"taxonomy":"product_cat","embeddable":true,"href":"https:\/\/www.babuka.sk\/en\/wp-json\/wp\/v2\/product_cat?post=1997"},{"taxonomy":"product_tag","embeddable":true,"href":"https:\/\/www.babuka.sk\/en\/wp-json\/wp\/v2\/product_tag?post=1997"}],"curies":[{"name":"wp","href":"https:\/\/api.w.org\/{rel}","templated":true}]}}